{"id":18,"date":"2024-06-27T10:50:41","date_gmt":"2024-06-27T10:50:41","guid":{"rendered":"http:\/\/localhost:10022\/?page_id=18"},"modified":"2025-05-03T14:14:31","modified_gmt":"2025-05-03T12:14:31","slug":"avantapres","status":"publish","type":"page","link":"https:\/\/mrclean83.fr\/index.php\/avantapres\/","title":{"rendered":"AvantApres"},"content":{"rendered":"\t\t<div data-elementor-type=\"wp-page\" data-elementor-id=\"18\" class=\"elementor elementor-18\">\n\t\t\t\t<div class=\"elementor-element elementor-element-f4aa5a8 e-con-full gr--snow e-flex rt-default-class e-con e-parent\" data-id=\"f4aa5a8\" data-element_type=\"container\">\n\t\t\t\t<div class=\"elementor-element elementor-element-1bc4a5d rt-default-class elementor-widget elementor-widget-heading\" data-id=\"1bc4a5d\" data-element_type=\"widget\" data-widget_type=\"heading.default\">\n\t\t\t\t<div class=\"elementor-widget-container\">\n\t\t\t\t\t<h1 class=\"elementor-heading-title elementor-size-default\"> Avant \/ Apr\u00e8s <br>des r\u00e9sultats visibles<\/h1>\t\t\t\t<\/div>\n\t\t\t\t<\/div>\n\t\t\t\t<div class=\"elementor-element elementor-element-acbd4f2 rt-default-class elementor-widget elementor-widget-text-editor\" data-id=\"acbd4f2\" data-element_type=\"widget\" data-widget_type=\"text-editor.default\">\n\t\t\t\t<div class=\"elementor-widget-container\">\n\t\t\t\t\t\t\t\t\t<p class=\"\" data-start=\"197\" data-end=\"430\">Chaque v\u00e9hicule b\u00e9n\u00e9ficie d\u2019un soin sur mesure.<\/p><p class=\"\" data-start=\"197\" data-end=\"430\">Lavage complet, pressing tissus, r\u00e9novation d\u2019optiques, polissage\u2026<br data-start=\"333\" data-end=\"336\" \/>Voici quelques exemples avant\/apr\u00e8s de nos prestations<\/p><p class=\"\" data-start=\"197\" data-end=\"430\">Pour d\u00e9couvrir encore plus de transformations, rendez-vous sur nos r\u00e9seaux sociaux.<\/p>\t\t\t\t\t\t\t\t<\/div>\n\t\t\t\t<\/div>\n\t\t\t\t<div class=\"elementor-element elementor-element-c8c5508 e-grid-align-left elementor-shape-rounded elementor-grid-0 rt-default-class elementor-widget elementor-widget-social-icons\" data-id=\"c8c5508\" data-element_type=\"widget\" data-widget_type=\"social-icons.default\">\n\t\t\t\t<div class=\"elementor-widget-container\">\n\t\t\t\t\t\t\t<div class=\"elementor-social-icons-wrapper elementor-grid\">\n\t\t\t\t\t\t\t<span class=\"elementor-grid-item\">\n\t\t\t\t\t<a class=\"elementor-icon elementor-social-icon elementor-social-icon-instagram elementor-repeater-item-1b47cfe\" href=\"https:\/\/www.instagram.com\/mrclean.83\/\" target=\"_blank\">\n\t\t\t\t\t\t<span class=\"elementor-screen-only\">Instagram<\/span>\n\t\t\t\t\t\t<svg class=\"e-font-icon-svg e-fab-instagram\" viewBox=\"0 0 448 512\" xmlns=\"http:\/\/www.w3.org\/2000\/svg\"><path d=\"M224.1 141c-63.6 0-114.9 51.3-114.9 114.9s51.3 114.9 114.9 114.9S339 319.5 339 255.9 287.7 141 224.1 141zm0 189.6c-41.1 0-74.7-33.5-74.7-74.7s33.5-74.7 74.7-74.7 74.7 33.5 74.7 74.7-33.6 74.7-74.7 74.7zm146.4-194.3c0 14.9-12 26.8-26.8 26.8-14.9 0-26.8-12-26.8-26.8s12-26.8 26.8-26.8 26.8 12 26.8 26.8zm76.1 27.2c-1.7-35.9-9.9-67.7-36.2-93.9-26.2-26.2-58-34.4-93.9-36.2-37-2.1-147.9-2.1-184.9 0-35.8 1.7-67.6 9.9-93.9 36.1s-34.4 58-36.2 93.9c-2.1 37-2.1 147.9 0 184.9 1.7 35.9 9.9 67.7 36.2 93.9s58 34.4 93.9 36.2c37 2.1 147.9 2.1 184.9 0 35.9-1.7 67.7-9.9 93.9-36.2 26.2-26.2 34.4-58 36.2-93.9 2.1-37 2.1-147.8 0-184.8zM398.8 388c-7.8 19.6-22.9 34.7-42.6 42.6-29.5 11.7-99.5 9-132.1 9s-102.7 2.6-132.1-9c-19.6-7.8-34.7-22.9-42.6-42.6-11.7-29.5-9-99.5-9-132.1s-2.6-102.7 9-132.1c7.8-19.6 22.9-34.7 42.6-42.6 29.5-11.7 99.5-9 132.1-9s102.7-2.6 132.1 9c19.6 7.8 34.7 22.9 42.6 42.6 11.7 29.5 9 99.5 9 132.1s2.7 102.7-9 132.1z\"><\/path><\/svg>\t\t\t\t\t<\/a>\n\t\t\t\t<\/span>\n\t\t\t\t\t\t\t<span class=\"elementor-grid-item\">\n\t\t\t\t\t<a class=\"elementor-icon elementor-social-icon elementor-social-icon-tiktok elementor-repeater-item-da3fe2b\" target=\"_blank\">\n\t\t\t\t\t\t<span class=\"elementor-screen-only\">Tiktok<\/span>\n\t\t\t\t\t\t<svg class=\"e-font-icon-svg e-fab-tiktok\" viewBox=\"0 0 448 512\" xmlns=\"http:\/\/www.w3.org\/2000\/svg\"><path d=\"M448,209.91a210.06,210.06,0,0,1-122.77-39.25V349.38A162.55,162.55,0,1,1,185,188.31V278.2a74.62,74.62,0,1,0,52.23,71.18V0l88,0a121.18,121.18,0,0,0,1.86,22.17h0A122.18,122.18,0,0,0,381,102.39a121.43,121.43,0,0,0,67,20.14Z\"><\/path><\/svg>\t\t\t\t\t<\/a>\n\t\t\t\t<\/span>\n\t\t\t\t\t\t\t<span class=\"elementor-grid-item\">\n\t\t\t\t\t<a class=\"elementor-icon elementor-social-icon elementor-social-icon-snapchat-ghost elementor-repeater-item-c495fcf\" target=\"_blank\">\n\t\t\t\t\t\t<span class=\"elementor-screen-only\">Snapchat-ghost<\/span>\n\t\t\t\t\t\t<svg class=\"e-font-icon-svg e-fab-snapchat-ghost\" viewBox=\"0 0 512 512\" xmlns=\"http:\/\/www.w3.org\/2000\/svg\"><path d=\"M510.846 392.673c-5.211 12.157-27.239 21.089-67.36 27.318-2.064 2.786-3.775 14.686-6.507 23.956-1.625 5.566-5.623 8.869-12.128 8.869l-.297-.005c-9.395 0-19.203-4.323-38.852-4.323-26.521 0-35.662 6.043-56.254 20.588-21.832 15.438-42.771 28.764-74.027 27.399-31.646 2.334-58.025-16.908-72.871-27.404-20.714-14.643-29.828-20.582-56.241-20.582-18.864 0-30.736 4.72-38.852 4.72-8.073 0-11.213-4.922-12.422-9.04-2.703-9.189-4.404-21.263-6.523-24.13-20.679-3.209-67.31-11.344-68.498-32.15a10.627 10.627 0 0 1 8.877-11.069c69.583-11.455 100.924-82.901 102.227-85.934.074-.176.155-.344.237-.515 3.713-7.537 4.544-13.849 2.463-18.753-5.05-11.896-26.872-16.164-36.053-19.796-23.715-9.366-27.015-20.128-25.612-27.504 2.437-12.836 21.725-20.735 33.002-15.453 8.919 4.181 16.843 6.297 23.547 6.297 5.022 0 8.212-1.204 9.96-2.171-2.043-35.936-7.101-87.29 5.687-115.969C158.122 21.304 229.705 15.42 250.826 15.42c.944 0 9.141-.089 10.11-.089 52.148 0 102.254 26.78 126.723 81.643 12.777 28.65 7.749 79.792 5.695 116.009 1.582.872 4.357 1.942 8.599 2.139 6.397-.286 13.815-2.389 22.069-6.257 6.085-2.846 14.406-2.461 20.48.058l.029.01c9.476 3.385 15.439 10.215 15.589 17.87.184 9.747-8.522 18.165-25.878 25.018-2.118.835-4.694 1.655-7.434 2.525-9.797 3.106-24.6 7.805-28.616 17.271-2.079 4.904-1.256 11.211 2.46 18.748.087.168.166.342.239.515 1.301 3.03 32.615 74.46 102.23 85.934 6.427 1.058 11.163 7.877 7.725 15.859z\"><\/path><\/svg>\t\t\t\t\t<\/a>\n\t\t\t\t<\/span>\n\t\t\t\t\t<\/div>\n\t\t\t\t\t\t<\/div>\n\t\t\t\t<\/div>\n\t\t\t\t<\/div>\n\t\t<div class=\"elementor-element elementor-element-56023da e-flex e-con-boxed rt-default-class e-con e-parent\" data-id=\"56023da\" data-element_type=\"container\">\n\t\t\t\t\t<div class=\"e-con-inner\">\n\t\t\t\t<div class=\"elementor-element elementor-element-55dce9f rt-default-class elementor-widget elementor-widget-heading\" data-id=\"55dce9f\" data-element_type=\"widget\" data-widget_type=\"heading.default\">\n\t\t\t\t<div class=\"elementor-widget-container\">\n\t\t\t\t\t<h2 class=\"elementor-heading-title elementor-size-default\">ICI AJOUTER LES AVANTS APRES<\/h2>\t\t\t\t<\/div>\n\t\t\t\t<\/div>\n\t\t\t\t\t<\/div>\n\t\t\t\t<\/div>\n\t\t\t\t<\/div>\n\t\t","protected":false},"excerpt":{"rendered":"<p>Avant \/ Apr\u00e8s des r\u00e9sultats visibles Chaque v\u00e9hicule b\u00e9n\u00e9ficie d\u2019un soin sur mesure. Lavage complet, pressing tissus, r\u00e9novation d\u2019optiques, polissage\u2026Voici quelques exemples avant\/apr\u00e8s de nos prestations Pour d\u00e9couvrir encore plus de transformations, rendez-vous sur nos r\u00e9seaux sociaux. Instagram Tiktok Snapchat-ghost ICI AJOUTER LES AVANTS APRES<\/p>\n","protected":false},"author":1,"featured_media":0,"parent":0,"menu_order":0,"comment_status":"closed","ping_status":"closed","template":"elementor_header_footer","meta":{"_monsterinsights_skip_tracking":false,"_monsterinsights_sitenote_active":false,"_monsterinsights_sitenote_note":"","_monsterinsights_sitenote_category":0,"footnotes":""},"class_list":["post-18","page","type-page","status-publish","hentry"],"aioseo_notices":[],"_links":{"self":[{"href":"https:\/\/mrclean83.fr\/index.php\/wp-json\/wp\/v2\/pages\/18","targetHints":{"allow":["GET"]}}],"collection":[{"href":"https:\/\/mrclean83.fr\/index.php\/wp-json\/wp\/v2\/pages"}],"about":[{"href":"https:\/\/mrclean83.fr\/index.php\/wp-json\/wp\/v2\/types\/page"}],"author":[{"embeddable":true,"href":"https:\/\/mrclean83.fr\/index.php\/wp-json\/wp\/v2\/users\/1"}],"replies":[{"embeddable":true,"href":"https:\/\/mrclean83.fr\/index.php\/wp-json\/wp\/v2\/comments?post=18"}],"version-history":[{"count":19,"href":"https:\/\/mrclean83.fr\/index.php\/wp-json\/wp\/v2\/pages\/18\/revisions"}],"predecessor-version":[{"id":4332,"href":"https:\/\/mrclean83.fr\/index.php\/wp-json\/wp\/v2\/pages\/18\/revisions\/4332"}],"wp:attachment":[{"href":"https:\/\/mrclean83.fr\/index.php\/wp-json\/wp\/v2\/media?parent=18"}],"curies":[{"name":"wp","href":"https:\/\/api.w.org\/{rel}","templated":true}]}}