{"id":1865,"date":"2024-07-08T10:35:27","date_gmt":"2024-07-08T10:35:27","guid":{"rendered":"http:\/\/localhost:10022\/?page_id=1865"},"modified":"2025-05-03T14:19:23","modified_gmt":"2025-05-03T12:19:23","slug":"services","status":"publish","type":"page","link":"https:\/\/mrclean83.fr\/index.php\/services\/","title":{"rendered":"Services"},"content":{"rendered":"\t\t<div data-elementor-type=\"wp-page\" data-elementor-id=\"1865\" class=\"elementor elementor-1865\">\n\t\t\t\t<div class=\"elementor-element elementor-element-b32e39b e-con-full gr--snow e-flex rt-default-class e-con e-parent\" data-id=\"b32e39b\" data-element_type=\"container\">\n\t\t\t\t<div class=\"elementor-element elementor-element-448b43c rt-default-class elementor-widget elementor-widget-heading\" data-id=\"448b43c\" data-element_type=\"widget\" data-widget_type=\"heading.default\">\n\t\t\t\t<div class=\"elementor-widget-container\">\n\t\t\t\t\t<h1 class=\"elementor-heading-title elementor-size-default\">Nos prestations de nettoyage<\/h1>\t\t\t\t<\/div>\n\t\t\t\t<\/div>\n\t\t\t\t<div class=\"elementor-element elementor-element-b96503b rt-default-class elementor-widget elementor-widget-text-editor\" data-id=\"b96503b\" data-element_type=\"widget\" data-widget_type=\"text-editor.default\">\n\t\t\t\t<div class=\"elementor-widget-container\">\n\t\t\t\t\t\t\t\t\t<p>Chez MrClean83, nous proposons une gamme compl\u00e8te de services pour redonner \u00e0 votre v\u00e9hicule tout son \u00e9clat, \u00e0 l\u2019int\u00e9rieur comme \u00e0 l\u2019ext\u00e9rieur.<br data-start=\"320\" data-end=\"323\" \/>Du lavage classique \u00e0 la r\u00e9novation esth\u00e9tique, chaque intervention est r\u00e9alis\u00e9e avec rigueur, passion et des produits de qualit\u00e9 professionnelle.<\/p>\t\t\t\t\t\t\t\t<\/div>\n\t\t\t\t<\/div>\n\t\t\t\t<\/div>\n\t\t<div class=\"elementor-element elementor-element-2a1b359 e-flex e-con-boxed rt-default-class e-con e-parent\" data-id=\"2a1b359\" data-element_type=\"container\">\n\t\t\t\t\t<div class=\"e-con-inner\">\n\t\t<div class=\"elementor-element elementor-element-a42724b e-con-full e-flex rt-default-class e-con e-child\" data-id=\"a42724b\" data-element_type=\"container\">\n\t\t\t\t<div class=\"elementor-element elementor-element-ff3c54e animated-slow elementor-hidden-mobile rt-default-class elementor-invisible elementor-widget elementor-widget-image\" data-id=\"ff3c54e\" data-element_type=\"widget\" data-settings=\"{&quot;_animation&quot;:&quot;fadeInLeft&quot;}\" data-widget_type=\"image.default\">\n\t\t\t\t<div class=\"elementor-widget-container\">\n\t\t\t\t\t\t\t\t\t\t\t\t\t\t\t<img fetchpriority=\"high\" decoding=\"async\" width=\"630\" height=\"560\" src=\"https:\/\/mrclean83.fr\/wp-content\/uploads\/2025\/05\/Capture-decran-2025-05-02-a-11.29.23.png\" class=\"attachment-full size-full wp-image-4311\" alt=\"\" srcset=\"https:\/\/mrclean83.fr\/wp-content\/uploads\/2025\/05\/Capture-decran-2025-05-02-a-11.29.23.png 630w, https:\/\/mrclean83.fr\/wp-content\/uploads\/2025\/05\/Capture-decran-2025-05-02-a-11.29.23-300x267.png 300w\" sizes=\"(max-width: 630px) 100vw, 630px\" \/>\t\t\t\t\t\t\t\t\t\t\t\t\t\t\t<\/div>\n\t\t\t\t<\/div>\n\t\t\t\t<\/div>\n\t\t<div class=\"elementor-element elementor-element-53f1c81 e-con-full animated-slow e-flex rt-default-class elementor-invisible e-con e-child\" data-id=\"53f1c81\" data-element_type=\"container\" data-settings=\"{&quot;animation&quot;:&quot;fadeInRight&quot;}\">\n\t\t\t\t<div class=\"elementor-element elementor-element-dafcf78 rt-default-class elementor-widget elementor-widget-heading\" data-id=\"dafcf78\" data-element_type=\"widget\" data-widget_type=\"heading.default\">\n\t\t\t\t<div class=\"elementor-widget-container\">\n\t\t\t\t\t<h2 class=\"elementor-heading-title elementor-size-default\">Lavage int\u00e9rieur \/ ext\u00e9rieur\n<\/h2>\t\t\t\t<\/div>\n\t\t\t\t<\/div>\n\t\t\t\t<div class=\"elementor-element elementor-element-a30119e rt-default-class elementor-widget elementor-widget-text-editor\" data-id=\"a30119e\" data-element_type=\"widget\" data-widget_type=\"text-editor.default\">\n\t\t\t\t<div class=\"elementor-widget-container\">\n\t\t\t\t\t\t\t\t\t<p>Nettoyage complet de la carrosserie, jantes, vitres, et int\u00e9rieur (aspiration, d\u00e9poussi\u00e9rage, plastiques, finitions).<\/p>\t\t\t\t\t\t\t\t<\/div>\n\t\t\t\t<\/div>\n\t\t\t\t<\/div>\n\t\t\t\t\t<\/div>\n\t\t\t\t<\/div>\n\t\t<div class=\"elementor-element elementor-element-46a7063 e-grid e-con-boxed rt-default-class e-con e-parent\" data-id=\"46a7063\" data-element_type=\"container\">\n\t\t\t\t\t<div class=\"e-con-inner\">\n\t\t<div class=\"elementor-element elementor-element-6ff0072 e-con-full animated-slow e-flex rt-default-class elementor-invisible e-con e-child\" data-id=\"6ff0072\" data-element_type=\"container\" data-settings=\"{&quot;animation&quot;:&quot;fadeInLeft&quot;}\">\n\t\t\t\t<div class=\"elementor-element elementor-element-7d500ed rt-default-class elementor-widget elementor-widget-heading\" data-id=\"7d500ed\" data-element_type=\"widget\" data-widget_type=\"heading.default\">\n\t\t\t\t<div class=\"elementor-widget-container\">\n\t\t\t\t\t<h2 class=\"elementor-heading-title elementor-size-default\">Service \u00e0 domicile \nintervention mobile\u200b<\/h2>\t\t\t\t<\/div>\n\t\t\t\t<\/div>\n\t\t\t\t<div class=\"elementor-element elementor-element-ba48c55 rt-default-class elementor-widget elementor-widget-text-editor\" data-id=\"ba48c55\" data-element_type=\"widget\" data-widget_type=\"text-editor.default\">\n\t\t\t\t<div class=\"elementor-widget-container\">\n\t\t\t\t\t\t\t\t\t<p class=\"\" data-start=\"1855\" data-end=\"1973\">Nous nous d\u00e9pla\u00e7ons directement chez vous ou sur votre lieu de travail. Simplicit\u00e9, confort, efficacit\u00e9.<\/p><p class=\"\" data-start=\"1975\" data-end=\"1997\">\u00a0<\/p>\t\t\t\t\t\t\t\t<\/div>\n\t\t\t\t<\/div>\n\t\t\t\t<\/div>\n\t\t\t\t<div class=\"elementor-element elementor-element-7bdb47e animated-slow elementor-hidden-mobile rt-default-class elementor-invisible elementor-widget elementor-widget-image\" data-id=\"7bdb47e\" data-element_type=\"widget\" data-settings=\"{&quot;_animation&quot;:&quot;fadeInRight&quot;}\" data-widget_type=\"image.default\">\n\t\t\t\t<div class=\"elementor-widget-container\">\n\t\t\t\t\t\t\t\t\t\t\t\t\t\t\t<img fetchpriority=\"high\" decoding=\"async\" width=\"630\" height=\"560\" src=\"https:\/\/mrclean83.fr\/wp-content\/uploads\/2025\/05\/Capture-decran-2025-05-02-a-11.29.23.png\" class=\"attachment-full size-full wp-image-4311\" alt=\"\" srcset=\"https:\/\/mrclean83.fr\/wp-content\/uploads\/2025\/05\/Capture-decran-2025-05-02-a-11.29.23.png 630w, https:\/\/mrclean83.fr\/wp-content\/uploads\/2025\/05\/Capture-decran-2025-05-02-a-11.29.23-300x267.png 300w\" sizes=\"(max-width: 630px) 100vw, 630px\" \/>\t\t\t\t\t\t\t\t\t\t\t\t\t\t\t<\/div>\n\t\t\t\t<\/div>\n\t\t\t\t\t<\/div>\n\t\t\t\t<\/div>\n\t\t<div class=\"elementor-element elementor-element-c1cc803 e-flex e-con-boxed rt-default-class e-con e-parent\" data-id=\"c1cc803\" data-element_type=\"container\">\n\t\t\t\t\t<div class=\"e-con-inner\">\n\t\t<div class=\"elementor-element elementor-element-cb17f81 e-con-full e-flex rt-default-class e-con e-child\" data-id=\"cb17f81\" data-element_type=\"container\">\n\t\t\t\t<div class=\"elementor-element elementor-element-efdb5dc animated-slow elementor-hidden-mobile rt-default-class elementor-invisible elementor-widget elementor-widget-image\" data-id=\"efdb5dc\" data-element_type=\"widget\" data-settings=\"{&quot;_animation&quot;:&quot;fadeInLeft&quot;}\" data-widget_type=\"image.default\">\n\t\t\t\t<div class=\"elementor-widget-container\">\n\t\t\t\t\t\t\t\t\t\t\t\t\t\t\t<img fetchpriority=\"high\" decoding=\"async\" width=\"630\" height=\"560\" src=\"https:\/\/mrclean83.fr\/wp-content\/uploads\/2025\/05\/Capture-decran-2025-05-02-a-11.29.23.png\" class=\"attachment-full size-full wp-image-4311\" alt=\"\" srcset=\"https:\/\/mrclean83.fr\/wp-content\/uploads\/2025\/05\/Capture-decran-2025-05-02-a-11.29.23.png 630w, https:\/\/mrclean83.fr\/wp-content\/uploads\/2025\/05\/Capture-decran-2025-05-02-a-11.29.23-300x267.png 300w\" sizes=\"(max-width: 630px) 100vw, 630px\" \/>\t\t\t\t\t\t\t\t\t\t\t\t\t\t\t<\/div>\n\t\t\t\t<\/div>\n\t\t\t\t<\/div>\n\t\t<div class=\"elementor-element elementor-element-0ec2e05 e-con-full animated-slow e-flex rt-default-class elementor-invisible e-con e-child\" data-id=\"0ec2e05\" data-element_type=\"container\" data-settings=\"{&quot;animation&quot;:&quot;fadeInRight&quot;}\">\n\t\t\t\t<div class=\"elementor-element elementor-element-f28ca22 rt-default-class elementor-widget elementor-widget-heading\" data-id=\"f28ca22\" data-element_type=\"widget\" data-widget_type=\"heading.default\">\n\t\t\t\t<div class=\"elementor-widget-container\">\n\t\t\t\t\t<h2 class=\"elementor-heading-title elementor-size-default\">Pressing <br>tissus \/ moquettes \/ si\u00e8ges<\/h2>\t\t\t\t<\/div>\n\t\t\t\t<\/div>\n\t\t\t\t<div class=\"elementor-element elementor-element-8a050ae rt-default-class elementor-widget elementor-widget-text-editor\" data-id=\"8a050ae\" data-element_type=\"widget\" data-widget_type=\"text-editor.default\">\n\t\t\t\t<div class=\"elementor-widget-container\">\n\t\t\t\t\t\t\t\t\t<p>\u00c9limination en profondeur des taches, mauvaises odeurs et bact\u00e9ries gr\u00e2ce \u00e0 un pressing vapeur et injection-extraction.<\/p>\t\t\t\t\t\t\t\t<\/div>\n\t\t\t\t<\/div>\n\t\t\t\t<\/div>\n\t\t\t\t\t<\/div>\n\t\t\t\t<\/div>\n\t\t<div class=\"elementor-element elementor-element-6d9d61d e-grid e-con-boxed rt-default-class e-con e-parent\" data-id=\"6d9d61d\" data-element_type=\"container\">\n\t\t\t\t\t<div class=\"e-con-inner\">\n\t\t<div class=\"elementor-element elementor-element-40cd75f e-con-full animated-slow e-flex rt-default-class elementor-invisible e-con e-child\" data-id=\"40cd75f\" data-element_type=\"container\" data-settings=\"{&quot;animation&quot;:&quot;fadeInLeft&quot;}\">\n\t\t\t\t<div class=\"elementor-element elementor-element-f6c2816 rt-default-class elementor-widget elementor-widget-heading\" data-id=\"f6c2816\" data-element_type=\"widget\" data-widget_type=\"heading.default\">\n\t\t\t\t<div class=\"elementor-widget-container\">\n\t\t\t\t\t<h2 class=\"elementor-heading-title elementor-size-default\">R\u00e9novation <br>optiques de phares<\/h2>\t\t\t\t<\/div>\n\t\t\t\t<\/div>\n\t\t\t\t<div class=\"elementor-element elementor-element-67b9d9a rt-default-class elementor-widget elementor-widget-text-editor\" data-id=\"67b9d9a\" data-element_type=\"widget\" data-widget_type=\"text-editor.default\">\n\t\t\t\t<div class=\"elementor-widget-container\">\n\t\t\t\t\t\t\t\t\t<p>Polissage et r\u00e9novation des optiques ternies ou jaunies pour un meilleur look et une meilleure visibilit\u00e9 de nuit.<\/p>\t\t\t\t\t\t\t\t<\/div>\n\t\t\t\t<\/div>\n\t\t\t\t<\/div>\n\t\t<div class=\"elementor-element elementor-element-b883b2c e-con-full e-flex rt-default-class e-con e-child\" data-id=\"b883b2c\" data-element_type=\"container\">\n\t\t\t\t<div class=\"elementor-element elementor-element-06bcac7 animated-slow elementor-hidden-mobile rt-default-class elementor-invisible elementor-widget elementor-widget-image\" data-id=\"06bcac7\" data-element_type=\"widget\" data-settings=\"{&quot;_animation&quot;:&quot;fadeInRight&quot;}\" data-widget_type=\"image.default\">\n\t\t\t\t<div class=\"elementor-widget-container\">\n\t\t\t\t\t\t\t\t\t\t\t\t\t\t\t<img fetchpriority=\"high\" decoding=\"async\" width=\"630\" height=\"560\" src=\"https:\/\/mrclean83.fr\/wp-content\/uploads\/2025\/05\/Capture-decran-2025-05-02-a-11.29.23.png\" class=\"attachment-full size-full wp-image-4311\" alt=\"\" srcset=\"https:\/\/mrclean83.fr\/wp-content\/uploads\/2025\/05\/Capture-decran-2025-05-02-a-11.29.23.png 630w, https:\/\/mrclean83.fr\/wp-content\/uploads\/2025\/05\/Capture-decran-2025-05-02-a-11.29.23-300x267.png 300w\" sizes=\"(max-width: 630px) 100vw, 630px\" \/>\t\t\t\t\t\t\t\t\t\t\t\t\t\t\t<\/div>\n\t\t\t\t<\/div>\n\t\t\t\t<\/div>\n\t\t\t\t\t<\/div>\n\t\t\t\t<\/div>\n\t\t<div class=\"elementor-element elementor-element-2d03a28 e-flex e-con-boxed rt-default-class e-con e-parent\" data-id=\"2d03a28\" data-element_type=\"container\">\n\t\t\t\t\t<div class=\"e-con-inner\">\n\t\t<div class=\"elementor-element elementor-element-26139dd e-con-full e-flex rt-default-class e-con e-child\" data-id=\"26139dd\" data-element_type=\"container\">\n\t\t\t\t<div class=\"elementor-element elementor-element-ce1cfb8 animated-slow elementor-hidden-mobile rt-default-class elementor-invisible elementor-widget elementor-widget-image\" data-id=\"ce1cfb8\" data-element_type=\"widget\" data-settings=\"{&quot;_animation&quot;:&quot;fadeInLeft&quot;}\" data-widget_type=\"image.default\">\n\t\t\t\t<div class=\"elementor-widget-container\">\n\t\t\t\t\t\t\t\t\t\t\t\t\t\t\t<img fetchpriority=\"high\" decoding=\"async\" width=\"630\" height=\"560\" src=\"https:\/\/mrclean83.fr\/wp-content\/uploads\/2025\/05\/Capture-decran-2025-05-02-a-11.29.23.png\" class=\"attachment-full size-full wp-image-4311\" alt=\"\" srcset=\"https:\/\/mrclean83.fr\/wp-content\/uploads\/2025\/05\/Capture-decran-2025-05-02-a-11.29.23.png 630w, https:\/\/mrclean83.fr\/wp-content\/uploads\/2025\/05\/Capture-decran-2025-05-02-a-11.29.23-300x267.png 300w\" sizes=\"(max-width: 630px) 100vw, 630px\" \/>\t\t\t\t\t\t\t\t\t\t\t\t\t\t\t<\/div>\n\t\t\t\t<\/div>\n\t\t\t\t<\/div>\n\t\t<div class=\"elementor-element elementor-element-ba4a48a e-con-full animated-slow e-flex rt-default-class elementor-invisible e-con e-child\" data-id=\"ba4a48a\" data-element_type=\"container\" data-settings=\"{&quot;animation&quot;:&quot;fadeInRight&quot;}\">\n\t\t\t\t<div class=\"elementor-element elementor-element-cbe3d17 rt-default-class elementor-widget elementor-widget-heading\" data-id=\"cbe3d17\" data-element_type=\"widget\" data-widget_type=\"heading.default\">\n\t\t\t\t<div class=\"elementor-widget-container\">\n\t\t\t\t\t<h2 class=\"elementor-heading-title elementor-size-default\">Polissage carrosserie<\/h2>\t\t\t\t<\/div>\n\t\t\t\t<\/div>\n\t\t\t\t<div class=\"elementor-element elementor-element-0a8e96f rt-default-class elementor-widget elementor-widget-text-editor\" data-id=\"0a8e96f\" data-element_type=\"widget\" data-widget_type=\"text-editor.default\">\n\t\t\t\t<div class=\"elementor-widget-container\">\n\t\t\t\t\t\t\t\t\t<p>Suppression des micro-rayures, hologrammes et oxydation. Rendu glossy et effet miroir garanti.<\/p>\t\t\t\t\t\t\t\t<\/div>\n\t\t\t\t<\/div>\n\t\t\t\t<\/div>\n\t\t\t\t\t<\/div>\n\t\t\t\t<\/div>\n\t\t\t\t<\/div>\n\t\t","protected":false},"excerpt":{"rendered":"<p>Nos prestations de nettoyage Chez MrClean83, nous proposons une gamme compl\u00e8te de services pour redonner \u00e0 votre v\u00e9hicule tout son \u00e9clat, \u00e0 l\u2019int\u00e9rieur comme \u00e0 l\u2019ext\u00e9rieur.Du lavage classique \u00e0 la r\u00e9novation esth\u00e9tique, chaque intervention est r\u00e9alis\u00e9e avec rigueur, passion et des produits de qualit\u00e9 professionnelle. Lavage int\u00e9rieur \/ ext\u00e9rieur Nettoyage complet de la carrosserie, jantes,&#8230;<\/p>\n","protected":false},"author":1,"featured_media":0,"parent":0,"menu_order":0,"comment_status":"closed","ping_status":"closed","template":"elementor_header_footer","meta":{"_monsterinsights_skip_tracking":false,"_monsterinsights_sitenote_active":false,"_monsterinsights_sitenote_note":"","_monsterinsights_sitenote_category":0,"footnotes":""},"class_list":["post-1865","page","type-page","status-publish","hentry"],"aioseo_notices":[],"_links":{"self":[{"href":"https:\/\/mrclean83.fr\/index.php\/wp-json\/wp\/v2\/pages\/1865","targetHints":{"allow":["GET"]}}],"collection":[{"href":"https:\/\/mrclean83.fr\/index.php\/wp-json\/wp\/v2\/pages"}],"about":[{"href":"https:\/\/mrclean83.fr\/index.php\/wp-json\/wp\/v2\/types\/page"}],"author":[{"embeddable":true,"href":"https:\/\/mrclean83.fr\/index.php\/wp-json\/wp\/v2\/users\/1"}],"replies":[{"embeddable":true,"href":"https:\/\/mrclean83.fr\/index.php\/wp-json\/wp\/v2\/comments?post=1865"}],"version-history":[{"count":31,"href":"https:\/\/mrclean83.fr\/index.php\/wp-json\/wp\/v2\/pages\/1865\/revisions"}],"predecessor-version":[{"id":4347,"href":"https:\/\/mrclean83.fr\/index.php\/wp-json\/wp\/v2\/pages\/1865\/revisions\/4347"}],"wp:attachment":[{"href":"https:\/\/mrclean83.fr\/index.php\/wp-json\/wp\/v2\/media?parent=1865"}],"curies":[{"name":"wp","href":"https:\/\/api.w.org\/{rel}","templated":true}]}}